{"id":50,"date":"2020-02-27T11:46:21","date_gmt":"2020-02-27T11:46:21","guid":{"rendered":"http:\/\/simkomp.pl\/?page_id=50"},"modified":"2020-07-30T21:34:42","modified_gmt":"2020-07-30T21:34:42","slug":"o-nas","status":"publish","type":"page","link":"http:\/\/simkomp.pl\/","title":{"rendered":"O nas"},"content":{"rendered":"\n<p> <\/p>\n\n\n\n<div id=\"metaslider-id-109\" style=\"width: 100%;\" class=\"ml-slider-3-107-0 metaslider metaslider-nivo metaslider-109 ml-slider has-dots-nav ml-slider-lightbox-2-22-0 lightbox-disabled ms-theme-simply-dark\" role=\"region\" aria-label=\"New Slideshow\" data-height=\"200\" data-width=\"600\">\n    <div id=\"metaslider_container_109\">\n        <div class='slider-wrapper theme-default'><div class='ribbon'><\/div><div id='metaslider_109' class='nivoSlider'><img loading=\"lazy\" decoding=\"async\" src=\"http:\/\/simkomp.pl\/wp-content\/uploads\/2020\/02\/765113-widescreen-technology-background-images-1920x1080-1-600x200.jpg\" height=\"200\" width=\"600\" data-caption=\"Telefon &gt;&gt;&gt; Szybka reakcja &gt;&gt;&gt; Dojazd do klienta lub dostarczenie sprz\u0119tu do biura\" title=\"765113-widescreen-technology-background-images-1920x1080\" alt=\"\" class=\"slider-109 slide-111 msDefaultImage\" \/><img loading=\"lazy\" decoding=\"async\" src=\"http:\/\/simkomp.pl\/wp-content\/uploads\/2020\/02\/448311-matrix-computer-desktop-backgrounds-600x200.jpg\" height=\"200\" width=\"600\" data-caption=\"Bezp\u0142atna diagnoza &gt;&gt;&gt;  Wycena &gt;&gt;&gt;  Ty podejmujesz decyzje\" title=\"448311-matrix-computer-desktop-backgrounds\" alt=\"\" class=\"slider-109 slide-116 msDefaultImage\" \/><img loading=\"lazy\" decoding=\"async\" src=\"http:\/\/simkomp.pl\/wp-content\/uploads\/2020\/02\/496296-600x200.jpg\" height=\"200\" width=\"600\" data-caption=\"Dok\u0142adna naprawa &gt;&gt;&gt; Testy &gt;&gt;&gt;  Zwrot sprz\u0119tu\" title=\"496296\" alt=\"\" class=\"slider-109 slide-119 msDefaultImage\" \/><img loading=\"lazy\" decoding=\"async\" src=\"http:\/\/simkomp.pl\/wp-content\/uploads\/2020\/02\/971304-600x200.jpg\" height=\"200\" width=\"600\" data-caption=\"100% zadowolonych klient&oacute;w\" title=\"971304\" alt=\"\" class=\"slider-109 slide-120 msDefaultImage\" \/><\/div><\/div>\n        \n    <\/div>\n<\/div>\n<p> Jeste\u015bmy rzeteln\u0105 firm\u0105, rozwijamy si\u0119 aby sprosta\u0107 Waszym oczekiwaniom. Do ka\u017cego zlecenia i realizacji podchodzimy z entuzjazem.&nbsp; \u015awiadczymy us\u0142ugi dla klient\u00f3w indywidualnych i dla firm z takim samym zaanga\u017cowaniem. Oferujemy obs\u0142ug\u0119 informatyczn\u0105 dla firm&nbsp;i instytucji na specjalnych warunkach, uzgadnianych indywidualnie. Zaufa\u0142o nam ju\u017c wiele firm.&nbsp;Wi\u0119kszo\u015b\u0107 napraw ko\u0144czy si\u0119 sukcesem, zyskujemy kolejnych zadowolonych klient\u00f3w.<\/p>\n\n\n\n<p>Wykonuj\u0105c swoje&nbsp;us\u0142ugi solidnie, uczciwie w jak najkr\u00f3tszym czasie realizacji oraz niewyg\u00f3rowanej cenie budujemy swoj\u0105 mark\u0119 na rynku ju\u017c ponad 10 lat. Szybkie, solidne przegl\u0105dy oraz naprawy komputer\u00f3w stacjonarnych i notebook\u00f3w to nasza specjalno\u015b\u0107. Oferujemy sprz\u0119t komputerowy w atrakcyjnych cenach i konfiguracjach.<\/p>\n\n\n\n<p>Instalujemy automatyk\u0119, systemy alarmowe, monitoring, anteny sat i dvb-t.<\/p>\n\n\n\n<p>Zapraszamy do kontaktu! Nowe wyzwania to dla nas motywacja do pracy!<\/p>\n","protected":false},"excerpt":{"rendered":"<p>Jeste\u015bmy rzeteln\u0105 firm\u0105, rozwijamy si\u0119 aby sprosta\u0107 Waszym oczekiwaniom. Do ka\u017cego zlecenia i realizacji podchodzimy z entuzjazem.&nbsp; \u015awiadczymy us\u0142ugi dla klient\u00f3w indywidualnych i dla firm z takim samym zaanga\u017cowaniem. Oferujemy obs\u0142ug\u0119 informatyczn\u0105 dla firm&nbsp;i instytucji na specjalnych warunkach, uzgadnianych indywidualnie. Zaufa\u0142o nam ju\u017c wiele firm.&nbsp;Wi\u0119kszo\u015b\u0107 napraw ko\u0144czy si\u0119 sukcesem, zyskujemy kolejnych zadowolonych klient\u00f3w. Wykonuj\u0105c swoje&nbsp;us\u0142ugi &hellip; <\/p>\n<p><a class=\"more-link btn\" href=\"http:\/\/simkomp.pl\/\">Kontynuuj czytanie<\/a><\/p>\n","protected":false},"author":1,"featured_media":0,"parent":0,"menu_order":0,"comment_status":"closed","ping_status":"closed","template":"","meta":{"footnotes":""},"class_list":["post-50","page","type-page","status-publish","hentry","nodate","item-wrap"],"_links":{"self":[{"href":"http:\/\/simkomp.pl\/index.php\/wp-json\/wp\/v2\/pages\/50","targetHints":{"allow":["GET"]}}],"collection":[{"href":"http:\/\/simkomp.pl\/index.php\/wp-json\/wp\/v2\/pages"}],"about":[{"href":"http:\/\/simkomp.pl\/index.php\/wp-json\/wp\/v2\/types\/page"}],"author":[{"embeddable":true,"href":"http:\/\/simkomp.pl\/index.php\/wp-json\/wp\/v2\/users\/1"}],"replies":[{"embeddable":true,"href":"http:\/\/simkomp.pl\/index.php\/wp-json\/wp\/v2\/comments?post=50"}],"version-history":[{"count":8,"href":"http:\/\/simkomp.pl\/index.php\/wp-json\/wp\/v2\/pages\/50\/revisions"}],"predecessor-version":[{"id":114,"href":"http:\/\/simkomp.pl\/index.php\/wp-json\/wp\/v2\/pages\/50\/revisions\/114"}],"wp:attachment":[{"href":"http:\/\/simkomp.pl\/index.php\/wp-json\/wp\/v2\/media?parent=50"}],"curies":[{"name":"wp","href":"https:\/\/api.w.org\/{rel}","templated":true}]}}